{"id":26331,"date":"2003-12-31T20:24:01","date_gmt":"2003-12-31T20:24:01","guid":{"rendered":"http:\/\/www.jankinazahrada.sk\/?page_id=26331"},"modified":"2026-01-18T09:30:42","modified_gmt":"2026-01-18T09:30:42","slug":"shows-2003","status":"publish","type":"page","link":"https:\/\/www.jankinazahrada.sk\/en\/shows\/shows-2003\/","title":{"rendered":"Shows 2003"},"content":{"rendered":"\t\t<div data-elementor-type=\"wp-page\" data-elementor-id=\"26331\" class=\"elementor elementor-26331 elementor-1372\" data-elementor-post-type=\"page\">\n\t\t\t\t<div class=\"elementor-element elementor-element-623afe0 e-flex e-con-boxed e-con e-parent\" data-id=\"623afe0\" data-element_type=\"container\" data-e-type=\"container\">\n\t\t\t\t\t<div class=\"e-con-inner\">\n\t\t\t\t<div class=\"elementor-element elementor-element-c7d35a2 elementor-grid-4 elementor-grid-tablet-2 elementor-grid-mobile-1 elementor-posts--thumbnail-top elementor-posts--show-avatar elementor-card-shadow-yes elementor-posts__hover-gradient elementor-widget elementor-widget-posts\" data-id=\"c7d35a2\" data-element_type=\"widget\" data-e-type=\"widget\" data-settings=\"{&quot;pagination_type&quot;:&quot;numbers&quot;,&quot;cards_columns&quot;:&quot;4&quot;,&quot;cards_columns_tablet&quot;:&quot;2&quot;,&quot;cards_columns_mobile&quot;:&quot;1&quot;,&quot;cards_row_gap&quot;:{&quot;unit&quot;:&quot;px&quot;,&quot;size&quot;:35,&quot;sizes&quot;:[]},&quot;cards_row_gap_tablet&quot;:{&quot;unit&quot;:&quot;px&quot;,&quot;size&quot;:&quot;&quot;,&quot;sizes&quot;:[]},&quot;cards_row_gap_mobile&quot;:{&quot;unit&quot;:&quot;px&quot;,&quot;size&quot;:&quot;&quot;,&quot;sizes&quot;:[]}}\" data-widget_type=\"posts.cards\">\n\t\t\t\t<div class=\"elementor-widget-container\">\n\t\t\t\t\t\t\t<div class=\"elementor-posts-container elementor-posts elementor-posts--skin-cards elementor-grid\" role=\"list\">\n\t\t\t\t<article class=\"elementor-post elementor-grid-item post-27277 post type-post status-publish format-standard hentry category-shows-2003\" role=\"listitem\">\n\t\t\t<div class=\"elementor-post__card\">\n\t\t\t\t<div class=\"elementor-post__text\">\n\t\t\t\t<h3 class=\"elementor-post__title\">\n\t\t\t<a href=\"https:\/\/www.jankinazahrada.sk\/en\/ids-nitra-canis-sk\/\" >\n\t\t\t\tIDS Nitra Canis, SK\t\t\t<\/a>\n\t\t<\/h3>\n\t\t\t\t\t<div class=\"elementor-post__read-more-wrapper\">\n\t\t\n\t\t<a class=\"elementor-post__read-more\" href=\"https:\/\/www.jankinazahrada.sk\/en\/ids-nitra-canis-sk\/\" aria-label=\"Read more about IDS Nitra Canis, SK\" tabindex=\"-1\" >\n\t\t\tMore \u00bb\t\t<\/a>\n\n\t\t\t\t\t<\/div>\n\t\t\t\t<\/div>\n\t\t\t\t<div class=\"elementor-post__meta-data\">\n\t\t\t\t\t<span class=\"elementor-post-date\">\n\t\t\t24.11.2003\t\t<\/span>\n\t\t\t\t<\/div>\n\t\t\t\t\t<\/div>\n\t\t<\/article>\n\t\t\t\t<article class=\"elementor-post elementor-grid-item post-27271 post type-post status-publish format-standard has-post-thumbnail hentry category-shows-2003\" role=\"listitem\">\n\t\t\t<div class=\"elementor-post__card\">\n\t\t\t\t<a class=\"elementor-post__thumbnail__link\" href=\"https:\/\/www.jankinazahrada.sk\/en\/eurodog-bratislava-sk\/\" tabindex=\"-1\" ><div class=\"elementor-post__thumbnail\"><img fetchpriority=\"high\" decoding=\"async\" width=\"250\" height=\"228\" src=\"https:\/\/www.jankinazahrada.sk\/wp-content\/uploads\/2003\/10\/2003.jpg\" class=\"attachment-medium size-medium wp-image-1630\" alt=\"II. Najlep\u0161ia chovate\u013esk\u00e1 skupina Eur\u00f3pska v\u00fdstava Bratislava, 2003\" \/><\/div><\/a>\n\t\t\t\t<div class=\"elementor-post__avatar\">\n\t\t\t\t\t<\/div>\n\t\t\t\t<div class=\"elementor-post__text\">\n\t\t\t\t<h3 class=\"elementor-post__title\">\n\t\t\t<a href=\"https:\/\/www.jankinazahrada.sk\/en\/eurodog-bratislava-sk\/\" >\n\t\t\t\tEurodog Bratislava, SK\t\t\t<\/a>\n\t\t<\/h3>\n\t\t\t\t\t<div class=\"elementor-post__read-more-wrapper\">\n\t\t\n\t\t<a class=\"elementor-post__read-more\" href=\"https:\/\/www.jankinazahrada.sk\/en\/eurodog-bratislava-sk\/\" aria-label=\"Read more about Eurodog Bratislava, SK\" tabindex=\"-1\" >\n\t\t\tMore \u00bb\t\t<\/a>\n\n\t\t\t\t\t<\/div>\n\t\t\t\t<\/div>\n\t\t\t\t<div class=\"elementor-post__meta-data\">\n\t\t\t\t\t<span class=\"elementor-post-date\">\n\t\t\t05.10.2003\t\t<\/span>\n\t\t\t\t<\/div>\n\t\t\t\t\t<\/div>\n\t\t<\/article>\n\t\t\t\t<\/div>\n\t\t\n\t\t\t\t\t\t<\/div>\n\t\t\t\t<\/div>\n\t\t\t\t\t<\/div>\n\t\t\t\t<\/div>\n\t\t\t\t<\/div>\n\t\t","protected":false},"excerpt":{"rendered":"","protected":false},"author":2,"featured_media":0,"parent":29961,"menu_order":0,"comment_status":"closed","ping_status":"closed","template":"","meta":{"ngg_post_thumbnail":0,"footnotes":""},"class_list":["post-26331","page","type-page","status-publish","hentry"],"_links":{"self":[{"href":"https:\/\/www.jankinazahrada.sk\/en\/wp-json\/wp\/v2\/pages\/26331","targetHints":{"allow":["GET"]}}],"collection":[{"href":"https:\/\/www.jankinazahrada.sk\/en\/wp-json\/wp\/v2\/pages"}],"about":[{"href":"https:\/\/www.jankinazahrada.sk\/en\/wp-json\/wp\/v2\/types\/page"}],"author":[{"embeddable":true,"href":"https:\/\/www.jankinazahrada.sk\/en\/wp-json\/wp\/v2\/users\/2"}],"replies":[{"embeddable":true,"href":"https:\/\/www.jankinazahrada.sk\/en\/wp-json\/wp\/v2\/comments?post=26331"}],"version-history":[{"count":0,"href":"https:\/\/www.jankinazahrada.sk\/en\/wp-json\/wp\/v2\/pages\/26331\/revisions"}],"up":[{"embeddable":true,"href":"https:\/\/www.jankinazahrada.sk\/en\/wp-json\/wp\/v2\/pages\/29961"}],"wp:attachment":[{"href":"https:\/\/www.jankinazahrada.sk\/en\/wp-json\/wp\/v2\/media?parent=26331"}],"curies":[{"name":"wp","href":"https:\/\/api.w.org\/{rel}","templated":true}]}}