{"id":27128,"date":"2017-02-01T17:35:40","date_gmt":"2017-02-01T17:35:40","guid":{"rendered":"http:\/\/www.jankinazahrada.sk\/?page_id=27128"},"modified":"2026-01-22T17:42:20","modified_gmt":"2026-01-22T17:42:20","slug":"hunting","status":"publish","type":"page","link":"https:\/\/www.jankinazahrada.sk\/en\/hunting\/","title":{"rendered":"Hunting"},"content":{"rendered":"\t\t<div data-elementor-type=\"wp-page\" data-elementor-id=\"27128\" class=\"elementor elementor-27128 elementor-26719\" data-elementor-post-type=\"page\">\n\t\t\t\t<div class=\"elementor-element elementor-element-a07223d e-flex e-con-boxed e-con e-parent\" data-id=\"a07223d\" data-element_type=\"container\" data-e-type=\"container\">\n\t\t\t\t\t<div class=\"e-con-inner\">\n\t\t\t\t<div class=\"elementor-element elementor-element-1e7dc9c7 elementor-widget elementor-widget-text-editor\" data-id=\"1e7dc9c7\" data-element_type=\"widget\" data-e-type=\"widget\" data-widget_type=\"text-editor.default\">\n\t\t\t\t\t\t\t\t\t<pre id=\"tw-target-text\" class=\"tw-data-text tw-text-large tw-ta\" dir=\"ltr\" tabindex=\"-1\" role=\"text\" data-placeholder=\"Translation\" data-ved=\"2ahUKEwi6hKPA1Z-SAxXUUaQEHbu_ChAQ3ewLegQIDBAW\" aria-label=\"Translated text: The following passed hunting tests and were eligible for hunting:\"><span class=\"Y2IQFc\" lang=\"en\">The following passed hunting tests and were eligible for hunting:<\/span><\/pre><br><h4>2011<\/h4><br><strong><span style=\"color: #a4c697;\">Jesenn\u00e9 sk\u00fa\u0161ky stava\u010dov a mal\u00fdch plemien \u2013 Neded, 23. okt\u00f3ber<\/span><\/strong><br>Freja Born in Sweden Pelydryns \u2013 I.cena \u2013 256 bodov, prin\u00e1\u0161anie pernatej zveri a srstnatej 4 , prin\u00e1\u0161anie ka\u010dice 3<br>U2 Jankina z\u00e1hrada \u2013 I.cena \u2013 276 bodov \u2013 prin\u00e1\u0161anie ba\u017eant, zajac 4, ka\u010dica 3<br>Gratulujeme aj majite\u013eovi \u201eU2-Bono\u201c!<br><br><strong><span style=\"color: #a4c697;\">Lesn\u00e9 sk\u00fa\u0161ky MP &#8211; Tom\u00e1\u0161ikovo, 14. august<\/span><\/strong><br>Ur\u0161ula Jankina z\u00e1hrada &#8211; I.cena &#8211; 209 bodov hlasitos\u0165 3, odvaha 2<br>Sabrina Jankina z\u00e1hrada &#8211; I. cena 221 bodov &#8211; hlasitos\u0165 3, odvaha 3<br><br><span style=\"color: #a4c697;\"><strong>Klubov\u00e9 lesn\u00e9 sk\u00fa\u0161ky mal\u00fdch plemien, 18. j\u00fana<\/strong><\/span><br>Rozhodca: O. Ban\u00e1s, I. \u0160imoni\u010d<br>Coedybrain Tomos &#8220;Koudy&#8221; &#8211; III.cena 192 bodov , hlasitos\u0165 4<br>Freja Born in Sweden Pelydryns &#8211; I.cena 236 bodov, hlasitos\u0165 4, odvaha 3, res.CACT<br>U 2 Jankina z\u00e1hrada &#8211; v\u00ed\u0165az sk\u00fa\u0161ok CACT<br><br><strong><span style=\"color: #a4c697;\">Klubov\u00e9 farbiarske sk\u00fa\u0161ky MP &#8211; PZ \u017dirany &#8211; Jelenec, 25. m\u00e1ja<\/span><\/strong><br>Coedybrain Tomos &#8211; I. cena CACT &#8211; 114 bodov, CCT<br>Ur\u0161ula Jankina z\u00e1hrada &#8211; I. cena r. CACT &#8211; 98 bodov<br>U 2 Jankina z\u00e1hrada &#8211; II.cena &#8211; 108 bodov &#8211; odlo\u017eenie 1<br><br><strong><span style=\"color: #a4c697;\">Klubov\u00e9 vlohov\u00e9 sk\u00fa\u0161ky MP D. Saliby<\/span><\/strong><br>Ur\u0161ula Jankina z\u00e1hrada &#8211; II. Cena 181 bodov<br>U 2 Jankina z\u00e1hrada &#8211; I. cena 209 bodov<br>Gratulujeme majite\u013eovi U2 Jankina z\u00e1hrada &#8211; Ing. P. Siake\u013eovi<br><h4>2010<\/h4><br><strong><span style=\"color: #a4c697;\">Klubov\u00e9 farbiarske sk\u00fa\u0161ky duri\u010dov &#8211; Jelenec 6.11.<\/span><\/strong><br>Freja born in Sweden Pelydryns &#8211; I. cena, CACT, CCT, Klubov\u00fd v\u00ed\u0165az, V\u00ed\u0165az sk\u00fa\u0161ok<br>Sabrina Jankina z\u00e1hrada &#8211; II.cena res, CACT<br><br><strong><span style=\"color: #a4c697;\">Klubov\u00e9 farbiarske sk\u00fa\u0161ky MP &#8211; Jelenec 19.6.<\/span><\/strong><br>Sabrina Jankina z\u00e1hrada &#8211; 112 bodov &#8211; I. cena CACT &#8211; Viera Janekov\u00e1<br>Cwrtafon Cerian &#8211; I.cena &#8211; 94 bodov &#8211; res. CACT &#8211; vodi\u010d Janka Janek<br><br><strong><span style=\"color: #a4c697;\">Farbiarske sk\u00fa\u0161ky mal\u00fdch plemien &#8211; FSMP, Senec &#8211; 29.05.<\/span><\/strong><br>Sabrina Jankina z\u00e1hrada &#8211; v I. cene, 105 bodov<br><br><strong><span style=\"color: #a4c697;\">Farbiarske sk\u00fa\u0161ky mal\u00fdch plemien\/FSMP\/ -Toma\u0161ikovo, 22.05.<\/span><\/strong><br>Cwrt Afon Cerian &#8211; I. cena &#8211; 108 bodov<br><br><strong><span style=\"color: #a4c697;\">Sk\u00fa\u0161ky vl\u00f4h mal\u00fdch plemien \/SVMP\/ Doln\u00e9 Saliby &#8211; 17.04.<\/span><\/strong><br>Cwrt Afon Cerian &#8211; III. cena<br><h4>2009<\/h4><br><strong><span style=\"color: #a4c697;\">Klubov\u00e9 Farbiarske sk\u00fa\u0161ky duri\u010dov II.cena, Ladomersk\u00e1 Vieska &#8211; 24.10.<\/span><\/strong><br>Pelydryns Freja Born in Sweden, rozhodca: A. Kr\u0161\u00e1k.<br><br><strong><span style=\"color: #a4c697;\">I.cena JSMP- 12.09.<\/span><\/strong><br>Sherryl Jankina z\u00e1hrada, majite\u013e: MUDr. Ilona Dole\u017ealov\u00e1<br><br><strong><span style=\"color: #a4c697;\">Klubov\u00e9 jesenn\u00e9 sk\u00fa\u0161ky sliedi\u010dov II. cena<\/span><\/strong><br>Sherryl Jankina z\u00e1hrada II. cena<br><br><strong><span style=\"color: #a4c697;\">Klubov\u00e9 vlohov\u00e9 sk\u00fa\u0161ky MP 4.4.2009 v Pani<\/span><\/strong><br>Sabrina Jankina z\u00e1hrada a Saxana Jankina z\u00e1hrada \u00faspe\u0161ne absolvovali<br><h4>2008<\/h4><br><strong><span style=\"color: #a4c697;\">Klubov\u00e9 Lesn\u00e9 sk\u00fa\u0161ky MP\/SK 18.11.<\/span><\/strong><br>Pelydryns Freja Born in Sweden III. cena &#8211; 186 bodov<br>vodi\u010d: MUDr. \u013dudov\u00edt Janek<br><br>Ralf Jankina z\u00e1hrada<br>&#8211; III.cena,182 bodov, hlas.3,<br><br>ngg_shortcode_0_placeholderngg_shortcode_1_placeholder<br><br>&nbsp;<br><br>&nbsp;\t\t\t\t\t\t\t\t<\/div>\n\t\t\t\t\t<\/div>\n\t\t\t\t<\/div>\n\t\t\t\t<\/div>\n\t\t","protected":false},"excerpt":{"rendered":"<p>The following passed hunting tests and were eligible for hunting: 2011 Jesenn\u00e9 sk\u00fa\u0161ky stava\u010dov a mal\u00fdch plemien \u2013 Neded, 23. okt\u00f3berFreja Born in Sweden Pelydryns \u2013 I.cena \u2013 256 bodov, prin\u00e1\u0161anie pernatej zveri a srstnatej 4 , prin\u00e1\u0161anie ka\u010dice 3U2 Jankina z\u00e1hrada \u2013 I.cena \u2013 276 bodov \u2013 prin\u00e1\u0161anie ba\u017eant, zajac 4, ka\u010dica 3Gratulujeme aj [&hellip;]<\/p>\n","protected":false},"author":2,"featured_media":0,"parent":0,"menu_order":0,"comment_status":"closed","ping_status":"closed","template":"","meta":{"ngg_post_thumbnail":0,"footnotes":""},"class_list":["post-27128","page","type-page","status-publish","hentry"],"_links":{"self":[{"href":"https:\/\/www.jankinazahrada.sk\/en\/wp-json\/wp\/v2\/pages\/27128","targetHints":{"allow":["GET"]}}],"collection":[{"href":"https:\/\/www.jankinazahrada.sk\/en\/wp-json\/wp\/v2\/pages"}],"about":[{"href":"https:\/\/www.jankinazahrada.sk\/en\/wp-json\/wp\/v2\/types\/page"}],"author":[{"embeddable":true,"href":"https:\/\/www.jankinazahrada.sk\/en\/wp-json\/wp\/v2\/users\/2"}],"replies":[{"embeddable":true,"href":"https:\/\/www.jankinazahrada.sk\/en\/wp-json\/wp\/v2\/comments?post=27128"}],"version-history":[{"count":0,"href":"https:\/\/www.jankinazahrada.sk\/en\/wp-json\/wp\/v2\/pages\/27128\/revisions"}],"wp:attachment":[{"href":"https:\/\/www.jankinazahrada.sk\/en\/wp-json\/wp\/v2\/media?parent=27128"}],"curies":[{"name":"wp","href":"https:\/\/api.w.org\/{rel}","templated":true}]}}