{"id":29539,"date":"2021-07-18T16:11:24","date_gmt":"2021-07-18T16:11:24","guid":{"rendered":"https:\/\/www.jankinazahrada.sk\/shows-2021\/"},"modified":"2026-01-18T09:43:08","modified_gmt":"2026-01-18T09:43:08","slug":"shows-2021","status":"publish","type":"page","link":"https:\/\/www.jankinazahrada.sk\/en\/shows\/shows-2021\/","title":{"rendered":"Shows 2021"},"content":{"rendered":"\t\t<div data-elementor-type=\"wp-page\" data-elementor-id=\"29539\" class=\"elementor elementor-29539 elementor-29534\" data-elementor-post-type=\"page\">\n\t\t\t\t<div class=\"elementor-element elementor-element-99fed7d e-flex e-con-boxed e-con e-parent\" data-id=\"99fed7d\" data-element_type=\"container\" data-e-type=\"container\">\n\t\t\t\t\t<div class=\"e-con-inner\">\n\t\t\t\t<div class=\"elementor-element elementor-element-f3e8444 elementor-grid-4 elementor-grid-tablet-2 elementor-grid-mobile-1 elementor-posts--thumbnail-top elementor-posts--show-avatar elementor-card-shadow-yes elementor-posts__hover-gradient elementor-widget elementor-widget-posts\" data-id=\"f3e8444\" data-element_type=\"widget\" data-e-type=\"widget\" data-settings=\"{&quot;pagination_type&quot;:&quot;numbers&quot;,&quot;cards_columns&quot;:&quot;4&quot;,&quot;cards_columns_tablet&quot;:&quot;2&quot;,&quot;cards_columns_mobile&quot;:&quot;1&quot;,&quot;cards_row_gap&quot;:{&quot;unit&quot;:&quot;px&quot;,&quot;size&quot;:35,&quot;sizes&quot;:[]},&quot;cards_row_gap_tablet&quot;:{&quot;unit&quot;:&quot;px&quot;,&quot;size&quot;:&quot;&quot;,&quot;sizes&quot;:[]},&quot;cards_row_gap_mobile&quot;:{&quot;unit&quot;:&quot;px&quot;,&quot;size&quot;:&quot;&quot;,&quot;sizes&quot;:[]}}\" data-widget_type=\"posts.cards\">\n\t\t\t\t<div class=\"elementor-widget-container\">\n\t\t\t\t\t\t\t<div class=\"elementor-posts-container elementor-posts elementor-posts--skin-cards elementor-grid\" role=\"list\">\n\t\t\t\t<article class=\"elementor-post elementor-grid-item post-29870 post type-post status-publish format-standard has-post-thumbnail hentry category-shows-2021\" role=\"listitem\">\n\t\t\t<div class=\"elementor-post__card\">\n\t\t\t\t<a class=\"elementor-post__thumbnail__link\" href=\"https:\/\/www.jankinazahrada.sk\/en\/boba-universal-hunting-dog\/\" tabindex=\"-1\" ><div class=\"elementor-post__thumbnail\"><img fetchpriority=\"high\" decoding=\"async\" width=\"300\" height=\"200\" src=\"https:\/\/www.jankinazahrada.sk\/wp-content\/uploads\/2021\/10\/BOBA-Jankina-zahrada-U-300x200.jpeg\" class=\"attachment-medium size-medium wp-image-29860\" alt=\"\" srcset=\"https:\/\/www.jankinazahrada.sk\/wp-content\/uploads\/2021\/10\/BOBA-Jankina-zahrada-U-300x200.jpeg 300w, https:\/\/www.jankinazahrada.sk\/wp-content\/uploads\/2021\/10\/BOBA-Jankina-zahrada-U-768x512.jpeg 768w, https:\/\/www.jankinazahrada.sk\/wp-content\/uploads\/2021\/10\/BOBA-Jankina-zahrada-U-980x654.jpeg 980w, https:\/\/www.jankinazahrada.sk\/wp-content\/uploads\/2021\/10\/BOBA-Jankina-zahrada-U-480x320.jpeg 480w, https:\/\/www.jankinazahrada.sk\/wp-content\/uploads\/2021\/10\/BOBA-Jankina-zahrada-U.jpeg 1024w\" sizes=\"(max-width: 300px) 100vw, 300px\" \/><\/div><\/a>\n\t\t\t\t<div class=\"elementor-post__avatar\">\n\t\t\t\t\t<\/div>\n\t\t\t\t<div class=\"elementor-post__text\">\n\t\t\t\t<h3 class=\"elementor-post__title\">\n\t\t\t<a href=\"https:\/\/www.jankinazahrada.sk\/en\/boba-universal-hunting-dog\/\" >\n\t\t\t\tBoba universal hunting dog\t\t\t<\/a>\n\t\t<\/h3>\n\t\t\t\t\t<div class=\"elementor-post__read-more-wrapper\">\n\t\t\n\t\t<a class=\"elementor-post__read-more\" href=\"https:\/\/www.jankinazahrada.sk\/en\/boba-universal-hunting-dog\/\" aria-label=\"Read more about Boba universal hunting dog\" tabindex=\"-1\" >\n\t\t\tMore \u00bb\t\t<\/a>\n\n\t\t\t\t\t<\/div>\n\t\t\t\t<\/div>\n\t\t\t\t<div class=\"elementor-post__meta-data\">\n\t\t\t\t\t<span class=\"elementor-post-date\">\n\t\t\t03.10.2021\t\t<\/span>\n\t\t\t\t<\/div>\n\t\t\t\t\t<\/div>\n\t\t<\/article>\n\t\t\t\t<article class=\"elementor-post elementor-grid-item post-29855 post type-post status-publish format-standard has-post-thumbnail hentry category-shows-2021\" role=\"listitem\">\n\t\t\t<div class=\"elementor-post__card\">\n\t\t\t\t<a class=\"elementor-post__thumbnail__link\" href=\"https:\/\/www.jankinazahrada.sk\/en\/world-dog-show-brno-cz\/\" tabindex=\"-1\" ><div class=\"elementor-post__thumbnail\"><img decoding=\"async\" width=\"300\" height=\"192\" src=\"https:\/\/www.jankinazahrada.sk\/wp-content\/uploads\/2021\/10\/CARKA-WDS-2021-300x192.jpg\" class=\"attachment-medium size-medium wp-image-29849\" alt=\"\" srcset=\"https:\/\/www.jankinazahrada.sk\/wp-content\/uploads\/2021\/10\/CARKA-WDS-2021-300x192.jpg 300w, https:\/\/www.jankinazahrada.sk\/wp-content\/uploads\/2021\/10\/CARKA-WDS-2021-768x491.jpg 768w, https:\/\/www.jankinazahrada.sk\/wp-content\/uploads\/2021\/10\/CARKA-WDS-2021-980x627.jpg 980w, https:\/\/www.jankinazahrada.sk\/wp-content\/uploads\/2021\/10\/CARKA-WDS-2021-480x307.jpg 480w, https:\/\/www.jankinazahrada.sk\/wp-content\/uploads\/2021\/10\/CARKA-WDS-2021.jpg 1024w\" sizes=\"(max-width: 300px) 100vw, 300px\" \/><\/div><\/a>\n\t\t\t\t<div class=\"elementor-post__avatar\">\n\t\t\t\t\t<\/div>\n\t\t\t\t<div class=\"elementor-post__text\">\n\t\t\t\t<h3 class=\"elementor-post__title\">\n\t\t\t<a href=\"https:\/\/www.jankinazahrada.sk\/en\/world-dog-show-brno-cz\/\" >\n\t\t\t\tWorld Dog Show Brno\/CZ\t\t\t<\/a>\n\t\t<\/h3>\n\t\t\t\t\t<div class=\"elementor-post__read-more-wrapper\">\n\t\t\n\t\t<a class=\"elementor-post__read-more\" href=\"https:\/\/www.jankinazahrada.sk\/en\/world-dog-show-brno-cz\/\" aria-label=\"Read more about World Dog Show Brno\/CZ\" tabindex=\"-1\" >\n\t\t\tMore \u00bb\t\t<\/a>\n\n\t\t\t\t\t<\/div>\n\t\t\t\t<\/div>\n\t\t\t\t<div class=\"elementor-post__meta-data\">\n\t\t\t\t\t<span class=\"elementor-post-date\">\n\t\t\t01.10.2021\t\t<\/span>\n\t\t\t\t<\/div>\n\t\t\t\t\t<\/div>\n\t\t<\/article>\n\t\t\t\t<article class=\"elementor-post elementor-grid-item post-29830 post type-post status-publish format-standard has-post-thumbnail hentry category-shows-2021\" role=\"listitem\">\n\t\t\t<div class=\"elementor-post__card\">\n\t\t\t\t<a class=\"elementor-post__thumbnail__link\" href=\"https:\/\/www.jankinazahrada.sk\/en\/world-cup-of-hunting-dogs\/\" tabindex=\"-1\" ><div class=\"elementor-post__thumbnail\"><img decoding=\"async\" width=\"300\" height=\"200\" src=\"https:\/\/www.jankinazahrada.sk\/wp-content\/uploads\/2021\/09\/Svetova-vystava-polovnych-posv-300x200.jpg\" class=\"attachment-medium size-medium wp-image-29826\" alt=\"Svetov\u00e1 v\u00fdstava po\u013eovn\u00fdch psov\" srcset=\"https:\/\/www.jankinazahrada.sk\/wp-content\/uploads\/2021\/09\/Svetova-vystava-polovnych-posv-300x200.jpg 300w, https:\/\/www.jankinazahrada.sk\/wp-content\/uploads\/2021\/09\/Svetova-vystava-polovnych-posv-768x512.jpg 768w, https:\/\/www.jankinazahrada.sk\/wp-content\/uploads\/2021\/09\/Svetova-vystava-polovnych-posv-980x654.jpg 980w, https:\/\/www.jankinazahrada.sk\/wp-content\/uploads\/2021\/09\/Svetova-vystava-polovnych-posv-480x320.jpg 480w, https:\/\/www.jankinazahrada.sk\/wp-content\/uploads\/2021\/09\/Svetova-vystava-polovnych-posv.jpg 1024w\" sizes=\"(max-width: 300px) 100vw, 300px\" \/><\/div><\/a>\n\t\t\t\t<div class=\"elementor-post__avatar\">\n\t\t\t\t\t<\/div>\n\t\t\t\t<div class=\"elementor-post__text\">\n\t\t\t\t<h3 class=\"elementor-post__title\">\n\t\t\t<a href=\"https:\/\/www.jankinazahrada.sk\/en\/world-cup-of-hunting-dogs\/\" >\n\t\t\t\tWorld Cup of Hunting Dogs\t\t\t<\/a>\n\t\t<\/h3>\n\t\t\t\t\t<div class=\"elementor-post__read-more-wrapper\">\n\t\t\n\t\t<a class=\"elementor-post__read-more\" href=\"https:\/\/www.jankinazahrada.sk\/en\/world-cup-of-hunting-dogs\/\" aria-label=\"Read more about World Cup of Hunting Dogs\" tabindex=\"-1\" >\n\t\t\tMore \u00bb\t\t<\/a>\n\n\t\t\t\t\t<\/div>\n\t\t\t\t<\/div>\n\t\t\t\t<div class=\"elementor-post__meta-data\">\n\t\t\t\t\t<span class=\"elementor-post-date\">\n\t\t\t25.09.2021\t\t<\/span>\n\t\t\t\t<\/div>\n\t\t\t\t\t<\/div>\n\t\t<\/article>\n\t\t\t\t<article class=\"elementor-post elementor-grid-item post-29805 post type-post status-publish format-standard has-post-thumbnail hentry category-shows-2021\" role=\"listitem\">\n\t\t\t<div class=\"elementor-post__card\">\n\t\t\t\t<a class=\"elementor-post__thumbnail__link\" href=\"https:\/\/www.jankinazahrada.sk\/en\/specialty-show-kosice-2021\/\" tabindex=\"-1\" ><div class=\"elementor-post__thumbnail\"><img loading=\"lazy\" decoding=\"async\" width=\"300\" height=\"208\" src=\"https:\/\/www.jankinazahrada.sk\/wp-content\/uploads\/2021\/09\/KV-Kosice-2021-300x208.jpg\" class=\"attachment-medium size-medium wp-image-29800\" alt=\"Benton California Storm CAC, CC, BOB V\u00ed\u0165az \u0160V\" srcset=\"https:\/\/www.jankinazahrada.sk\/wp-content\/uploads\/2021\/09\/KV-Kosice-2021-300x208.jpg 300w, https:\/\/www.jankinazahrada.sk\/wp-content\/uploads\/2021\/09\/KV-Kosice-2021-768x532.jpg 768w, https:\/\/www.jankinazahrada.sk\/wp-content\/uploads\/2021\/09\/KV-Kosice-2021-980x679.jpg 980w, https:\/\/www.jankinazahrada.sk\/wp-content\/uploads\/2021\/09\/KV-Kosice-2021-480x332.jpg 480w, https:\/\/www.jankinazahrada.sk\/wp-content\/uploads\/2021\/09\/KV-Kosice-2021.jpg 1024w\" sizes=\"(max-width: 300px) 100vw, 300px\" \/><\/div><\/a>\n\t\t\t\t<div class=\"elementor-post__avatar\">\n\t\t\t\t\t<\/div>\n\t\t\t\t<div class=\"elementor-post__text\">\n\t\t\t\t<h3 class=\"elementor-post__title\">\n\t\t\t<a href=\"https:\/\/www.jankinazahrada.sk\/en\/specialty-show-kosice-2021\/\" >\n\t\t\t\tSpecialty Show Kosice 2021\t\t\t<\/a>\n\t\t<\/h3>\n\t\t\t\t\t<div class=\"elementor-post__read-more-wrapper\">\n\t\t\n\t\t<a class=\"elementor-post__read-more\" href=\"https:\/\/www.jankinazahrada.sk\/en\/specialty-show-kosice-2021\/\" aria-label=\"Read more about Specialty Show Kosice 2021\" tabindex=\"-1\" >\n\t\t\tMore \u00bb\t\t<\/a>\n\n\t\t\t\t\t<\/div>\n\t\t\t\t<\/div>\n\t\t\t\t<div class=\"elementor-post__meta-data\">\n\t\t\t\t\t<span class=\"elementor-post-date\">\n\t\t\t18.09.2021\t\t<\/span>\n\t\t\t\t<\/div>\n\t\t\t\t\t<\/div>\n\t\t<\/article>\n\t\t\t\t<article class=\"elementor-post elementor-grid-item post-29751 post type-post status-publish format-standard has-post-thumbnail hentry category-shows-2021\" role=\"listitem\">\n\t\t\t<div class=\"elementor-post__card\">\n\t\t\t\t<a class=\"elementor-post__thumbnail__link\" href=\"https:\/\/www.jankinazahrada.sk\/en\/again-club-winner\/\" tabindex=\"-1\" ><div class=\"elementor-post__thumbnail\"><img loading=\"lazy\" decoding=\"async\" width=\"300\" height=\"198\" src=\"https:\/\/www.jankinazahrada.sk\/wp-content\/uploads\/2021\/09\/Carolinka-Klubovy-vitaz-2021-300x198.jpg\" class=\"attachment-medium size-medium wp-image-29746\" alt=\"05.09.2021Klubsiegerschau\" srcset=\"https:\/\/www.jankinazahrada.sk\/wp-content\/uploads\/2021\/09\/Carolinka-Klubovy-vitaz-2021-300x198.jpg 300w, https:\/\/www.jankinazahrada.sk\/wp-content\/uploads\/2021\/09\/Carolinka-Klubovy-vitaz-2021-768x508.jpg 768w, https:\/\/www.jankinazahrada.sk\/wp-content\/uploads\/2021\/09\/Carolinka-Klubovy-vitaz-2021-980x648.jpg 980w, https:\/\/www.jankinazahrada.sk\/wp-content\/uploads\/2021\/09\/Carolinka-Klubovy-vitaz-2021-480x317.jpg 480w, https:\/\/www.jankinazahrada.sk\/wp-content\/uploads\/2021\/09\/Carolinka-Klubovy-vitaz-2021.jpg 1019w\" sizes=\"(max-width: 300px) 100vw, 300px\" \/><\/div><\/a>\n\t\t\t\t<div class=\"elementor-post__avatar\">\n\t\t\t\t\t<\/div>\n\t\t\t\t<div class=\"elementor-post__text\">\n\t\t\t\t<h3 class=\"elementor-post__title\">\n\t\t\t<a href=\"https:\/\/www.jankinazahrada.sk\/en\/again-club-winner\/\" >\n\t\t\t\tAgain Club Winner\t\t\t<\/a>\n\t\t<\/h3>\n\t\t\t\t\t<div class=\"elementor-post__read-more-wrapper\">\n\t\t\n\t\t<a class=\"elementor-post__read-more\" href=\"https:\/\/www.jankinazahrada.sk\/en\/again-club-winner\/\" aria-label=\"Read more about Again Club Winner\" tabindex=\"-1\" >\n\t\t\tMore \u00bb\t\t<\/a>\n\n\t\t\t\t\t<\/div>\n\t\t\t\t<\/div>\n\t\t\t\t<div class=\"elementor-post__meta-data\">\n\t\t\t\t\t<span class=\"elementor-post-date\">\n\t\t\t05.09.2021\t\t<\/span>\n\t\t\t\t<\/div>\n\t\t\t\t\t<\/div>\n\t\t<\/article>\n\t\t\t\t<article class=\"elementor-post elementor-grid-item post-29722 post type-post status-publish format-standard has-post-thumbnail hentry category-shows-2021\" role=\"listitem\">\n\t\t\t<div class=\"elementor-post__card\">\n\t\t\t\t<a class=\"elementor-post__thumbnail__link\" href=\"https:\/\/www.jankinazahrada.sk\/en\/duodanube-2021\/\" tabindex=\"-1\" ><div class=\"elementor-post__thumbnail\"><img loading=\"lazy\" decoding=\"async\" width=\"300\" height=\"212\" src=\"https:\/\/www.jankinazahrada.sk\/wp-content\/uploads\/2021\/08\/Benton-California-Storm-AUG-2021-300x212.jpg\" class=\"attachment-medium size-medium wp-image-29717\" alt=\"Benton California Storm\" srcset=\"https:\/\/www.jankinazahrada.sk\/wp-content\/uploads\/2021\/08\/Benton-California-Storm-AUG-2021-300x212.jpg 300w, https:\/\/www.jankinazahrada.sk\/wp-content\/uploads\/2021\/08\/Benton-California-Storm-AUG-2021-768x542.jpg 768w, https:\/\/www.jankinazahrada.sk\/wp-content\/uploads\/2021\/08\/Benton-California-Storm-AUG-2021-400x284.jpg 400w, https:\/\/www.jankinazahrada.sk\/wp-content\/uploads\/2021\/08\/Benton-California-Storm-AUG-2021-980x692.jpg 980w, https:\/\/www.jankinazahrada.sk\/wp-content\/uploads\/2021\/08\/Benton-California-Storm-AUG-2021-480x339.jpg 480w, https:\/\/www.jankinazahrada.sk\/wp-content\/uploads\/2021\/08\/Benton-California-Storm-AUG-2021.jpg 1024w\" sizes=\"(max-width: 300px) 100vw, 300px\" \/><\/div><\/a>\n\t\t\t\t<div class=\"elementor-post__avatar\">\n\t\t\t\t\t<\/div>\n\t\t\t\t<div class=\"elementor-post__text\">\n\t\t\t\t<h3 class=\"elementor-post__title\">\n\t\t\t<a href=\"https:\/\/www.jankinazahrada.sk\/en\/duodanube-2021\/\" >\n\t\t\t\tDuodanube 2021\t\t\t<\/a>\n\t\t<\/h3>\n\t\t\t\t\t<div class=\"elementor-post__read-more-wrapper\">\n\t\t\n\t\t<a class=\"elementor-post__read-more\" href=\"https:\/\/www.jankinazahrada.sk\/en\/duodanube-2021\/\" aria-label=\"Read more about Duodanube 2021\" tabindex=\"-1\" >\n\t\t\tMore \u00bb\t\t<\/a>\n\n\t\t\t\t\t<\/div>\n\t\t\t\t<\/div>\n\t\t\t\t<div class=\"elementor-post__meta-data\">\n\t\t\t\t\t<span class=\"elementor-post-date\">\n\t\t\t21.08.2021\t\t<\/span>\n\t\t\t\t<\/div>\n\t\t\t\t\t<\/div>\n\t\t<\/article>\n\t\t\t\t<article class=\"elementor-post elementor-grid-item post-29711 post type-post status-publish format-standard has-post-thumbnail hentry category-shows-2021\" role=\"listitem\">\n\t\t\t<div class=\"elementor-post__card\">\n\t\t\t\t<a class=\"elementor-post__thumbnail__link\" href=\"https:\/\/www.jankinazahrada.sk\/en\/3-x-club-winner\/\" tabindex=\"-1\" ><div class=\"elementor-post__thumbnail\"><img loading=\"lazy\" decoding=\"async\" width=\"300\" height=\"200\" src=\"https:\/\/www.jankinazahrada.sk\/wp-content\/uploads\/2021\/07\/BOB-kv2021-300x200.jpeg\" class=\"attachment-medium size-medium wp-image-29526\" alt=\"BOB &quot;Carolinka&quot;\" srcset=\"https:\/\/www.jankinazahrada.sk\/wp-content\/uploads\/2021\/07\/BOB-kv2021-300x200.jpeg 300w, https:\/\/www.jankinazahrada.sk\/wp-content\/uploads\/2021\/07\/BOB-kv2021-768x512.jpeg 768w, https:\/\/www.jankinazahrada.sk\/wp-content\/uploads\/2021\/07\/BOB-kv2021-980x654.jpeg 980w, https:\/\/www.jankinazahrada.sk\/wp-content\/uploads\/2021\/07\/BOB-kv2021-480x320.jpeg 480w, https:\/\/www.jankinazahrada.sk\/wp-content\/uploads\/2021\/07\/BOB-kv2021.jpeg 1024w\" sizes=\"(max-width: 300px) 100vw, 300px\" \/><\/div><\/a>\n\t\t\t\t<div class=\"elementor-post__avatar\">\n\t\t\t\t\t<\/div>\n\t\t\t\t<div class=\"elementor-post__text\">\n\t\t\t\t<h3 class=\"elementor-post__title\">\n\t\t\t<a href=\"https:\/\/www.jankinazahrada.sk\/en\/3-x-club-winner\/\" >\n\t\t\t\t3 x Club Winner!\t\t\t<\/a>\n\t\t<\/h3>\n\t\t\t\t\t<div class=\"elementor-post__read-more-wrapper\">\n\t\t\n\t\t<a class=\"elementor-post__read-more\" href=\"https:\/\/www.jankinazahrada.sk\/en\/3-x-club-winner\/\" aria-label=\"Read more about 3 x Club Winner!\" tabindex=\"-1\" >\n\t\t\tMore \u00bb\t\t<\/a>\n\n\t\t\t\t\t<\/div>\n\t\t\t\t<\/div>\n\t\t\t\t<div class=\"elementor-post__meta-data\">\n\t\t\t\t\t<span class=\"elementor-post-date\">\n\t\t\t16.08.2021\t\t<\/span>\n\t\t\t\t<\/div>\n\t\t\t\t\t<\/div>\n\t\t<\/article>\n\t\t\t\t<article class=\"elementor-post elementor-grid-item post-29642 post type-post status-publish format-standard has-post-thumbnail hentry category-shows-2021\" role=\"listitem\">\n\t\t\t<div class=\"elementor-post__card\">\n\t\t\t\t<a class=\"elementor-post__thumbnail__link\" href=\"https:\/\/www.jankinazahrada.sk\/en\/vienna-winner-spaniel-show\/\" tabindex=\"-1\" ><div class=\"elementor-post__thumbnail\"><img loading=\"lazy\" decoding=\"async\" width=\"300\" height=\"160\" src=\"https:\/\/www.jankinazahrada.sk\/wp-content\/uploads\/2021\/08\/Vienna-Spaniel-Show-2021-300x160.jpg\" class=\"attachment-medium size-medium wp-image-29638\" alt=\"31.07.2021 LGS Wolkersdorf  VIENNA WINNER SPANIEL SHOW judge: Maja Horvat     BENTON California Storm CAROLINKA exc.1, CACA, BOB, VIENNA WINNER\" srcset=\"https:\/\/www.jankinazahrada.sk\/wp-content\/uploads\/2021\/08\/Vienna-Spaniel-Show-2021-300x160.jpg 300w, https:\/\/www.jankinazahrada.sk\/wp-content\/uploads\/2021\/08\/Vienna-Spaniel-Show-2021-768x410.jpg 768w, https:\/\/www.jankinazahrada.sk\/wp-content\/uploads\/2021\/08\/Vienna-Spaniel-Show-2021-980x523.jpg 980w, https:\/\/www.jankinazahrada.sk\/wp-content\/uploads\/2021\/08\/Vienna-Spaniel-Show-2021-480x256.jpg 480w, https:\/\/www.jankinazahrada.sk\/wp-content\/uploads\/2021\/08\/Vienna-Spaniel-Show-2021.jpg 1024w\" sizes=\"(max-width: 300px) 100vw, 300px\" \/><\/div><\/a>\n\t\t\t\t<div class=\"elementor-post__avatar\">\n\t\t\t\t\t<\/div>\n\t\t\t\t<div class=\"elementor-post__text\">\n\t\t\t\t<h3 class=\"elementor-post__title\">\n\t\t\t<a href=\"https:\/\/www.jankinazahrada.sk\/en\/vienna-winner-spaniel-show\/\" >\n\t\t\t\tVienna Winner Spaniel Show\t\t\t<\/a>\n\t\t<\/h3>\n\t\t\t\t\t<div class=\"elementor-post__read-more-wrapper\">\n\t\t\n\t\t<a class=\"elementor-post__read-more\" href=\"https:\/\/www.jankinazahrada.sk\/en\/vienna-winner-spaniel-show\/\" aria-label=\"Read more about Vienna Winner Spaniel Show\" tabindex=\"-1\" >\n\t\t\tMore \u00bb\t\t<\/a>\n\n\t\t\t\t\t<\/div>\n\t\t\t\t<\/div>\n\t\t\t\t<div class=\"elementor-post__meta-data\">\n\t\t\t\t\t<span class=\"elementor-post-date\">\n\t\t\t31.07.2021\t\t<\/span>\n\t\t\t\t<\/div>\n\t\t\t\t\t<\/div>\n\t\t<\/article>\n\t\t\t\t<article class=\"elementor-post elementor-grid-item post-29575 post type-post status-publish format-standard has-post-thumbnail hentry category-shows-2021\" role=\"listitem\">\n\t\t\t<div class=\"elementor-post__card\">\n\t\t\t\t<a class=\"elementor-post__thumbnail__link\" href=\"https:\/\/www.jankinazahrada.sk\/en\/next-slovak-beauty-champion\/\" tabindex=\"-1\" ><div class=\"elementor-post__thumbnail\"><img loading=\"lazy\" decoding=\"async\" width=\"300\" height=\"212\" src=\"https:\/\/www.jankinazahrada.sk\/wp-content\/uploads\/2021\/07\/Benton-California-SKCH-300x212.jpg\" class=\"attachment-medium size-medium wp-image-29568\" alt=\"\" srcset=\"https:\/\/www.jankinazahrada.sk\/wp-content\/uploads\/2021\/07\/Benton-California-SKCH-300x212.jpg 300w, https:\/\/www.jankinazahrada.sk\/wp-content\/uploads\/2021\/07\/Benton-California-SKCH-768x543.jpg 768w, https:\/\/www.jankinazahrada.sk\/wp-content\/uploads\/2021\/07\/Benton-California-SKCH-400x284.jpg 400w, https:\/\/www.jankinazahrada.sk\/wp-content\/uploads\/2021\/07\/Benton-California-SKCH-980x693.jpg 980w, https:\/\/www.jankinazahrada.sk\/wp-content\/uploads\/2021\/07\/Benton-California-SKCH-480x339.jpg 480w, https:\/\/www.jankinazahrada.sk\/wp-content\/uploads\/2021\/07\/Benton-California-SKCH.jpg 1024w\" sizes=\"(max-width: 300px) 100vw, 300px\" \/><\/div><\/a>\n\t\t\t\t<div class=\"elementor-post__avatar\">\n\t\t\t\t\t<\/div>\n\t\t\t\t<div class=\"elementor-post__text\">\n\t\t\t\t<h3 class=\"elementor-post__title\">\n\t\t\t<a href=\"https:\/\/www.jankinazahrada.sk\/en\/next-slovak-beauty-champion\/\" >\n\t\t\t\tNext Slovak Beauty Champion\t\t\t<\/a>\n\t\t<\/h3>\n\t\t\t\t\t<div class=\"elementor-post__read-more-wrapper\">\n\t\t\n\t\t<a class=\"elementor-post__read-more\" href=\"https:\/\/www.jankinazahrada.sk\/en\/next-slovak-beauty-champion\/\" aria-label=\"Read more about Next Slovak Beauty Champion\" tabindex=\"-1\" >\n\t\t\tMore \u00bb\t\t<\/a>\n\n\t\t\t\t\t<\/div>\n\t\t\t\t<\/div>\n\t\t\t\t<div class=\"elementor-post__meta-data\">\n\t\t\t\t\t<span class=\"elementor-post-date\">\n\t\t\t27.07.2021\t\t<\/span>\n\t\t\t\t<\/div>\n\t\t\t\t\t<\/div>\n\t\t<\/article>\n\t\t\t\t<article class=\"elementor-post elementor-grid-item post-29558 post type-post status-publish format-standard has-post-thumbnail hentry category-shows-2021\" role=\"listitem\">\n\t\t\t<div class=\"elementor-post__card\">\n\t\t\t\t<a class=\"elementor-post__thumbnail__link\" href=\"https:\/\/www.jankinazahrada.sk\/en\/kchps-top-dog-2020\/\" tabindex=\"-1\" ><div class=\"elementor-post__thumbnail\"><img loading=\"lazy\" decoding=\"async\" width=\"300\" height=\"263\" src=\"https:\/\/www.jankinazahrada.sk\/wp-content\/uploads\/2021\/07\/Carolinka-Top-pes-2020-300x263.jpg\" class=\"attachment-medium size-medium wp-image-29546\" alt=\"\" srcset=\"https:\/\/www.jankinazahrada.sk\/wp-content\/uploads\/2021\/07\/Carolinka-Top-pes-2020-300x263.jpg 300w, https:\/\/www.jankinazahrada.sk\/wp-content\/uploads\/2021\/07\/Carolinka-Top-pes-2020-768x674.jpg 768w, https:\/\/www.jankinazahrada.sk\/wp-content\/uploads\/2021\/07\/Carolinka-Top-pes-2020-480x421.jpg 480w, https:\/\/www.jankinazahrada.sk\/wp-content\/uploads\/2021\/07\/Carolinka-Top-pes-2020.jpg 960w\" sizes=\"(max-width: 300px) 100vw, 300px\" \/><\/div><\/a>\n\t\t\t\t<div class=\"elementor-post__avatar\">\n\t\t\t\t\t<\/div>\n\t\t\t\t<div class=\"elementor-post__text\">\n\t\t\t\t<h3 class=\"elementor-post__title\">\n\t\t\t<a href=\"https:\/\/www.jankinazahrada.sk\/en\/kchps-top-dog-2020\/\" >\n\t\t\t\tKCHPS Top Dog 2020\t\t\t<\/a>\n\t\t<\/h3>\n\t\t\t\t\t<div class=\"elementor-post__read-more-wrapper\">\n\t\t\n\t\t<a class=\"elementor-post__read-more\" href=\"https:\/\/www.jankinazahrada.sk\/en\/kchps-top-dog-2020\/\" aria-label=\"Read more about KCHPS Top Dog 2020\" tabindex=\"-1\" >\n\t\t\tMore \u00bb\t\t<\/a>\n\n\t\t\t\t\t<\/div>\n\t\t\t\t<\/div>\n\t\t\t\t<div class=\"elementor-post__meta-data\">\n\t\t\t\t\t<span class=\"elementor-post-date\">\n\t\t\t27.07.2021\t\t<\/span>\n\t\t\t\t<\/div>\n\t\t\t\t\t<\/div>\n\t\t<\/article>\n\t\t\t\t<article class=\"elementor-post elementor-grid-item post-29529 post type-post status-publish format-standard has-post-thumbnail hentry category-shows-2021\" role=\"listitem\">\n\t\t\t<div class=\"elementor-post__card\">\n\t\t\t\t<a class=\"elementor-post__thumbnail__link\" href=\"https:\/\/www.jankinazahrada.sk\/en\/club-show-kchps-2021\/\" tabindex=\"-1\" ><div class=\"elementor-post__thumbnail\"><img loading=\"lazy\" decoding=\"async\" width=\"300\" height=\"200\" src=\"https:\/\/www.jankinazahrada.sk\/wp-content\/uploads\/2021\/07\/resBIS-kv2021-300x200.jpeg\" class=\"attachment-medium size-medium wp-image-29522\" alt=\"18.07.2021 Ve\u013ek\u00e9 \u00da\u013eany Klubov\u00e1 v\u00fdstava KCHPS\/\" srcset=\"https:\/\/www.jankinazahrada.sk\/wp-content\/uploads\/2021\/07\/resBIS-kv2021-300x200.jpeg 300w, https:\/\/www.jankinazahrada.sk\/wp-content\/uploads\/2021\/07\/resBIS-kv2021-768x512.jpeg 768w, https:\/\/www.jankinazahrada.sk\/wp-content\/uploads\/2021\/07\/resBIS-kv2021-980x654.jpeg 980w, https:\/\/www.jankinazahrada.sk\/wp-content\/uploads\/2021\/07\/resBIS-kv2021-480x320.jpeg 480w, https:\/\/www.jankinazahrada.sk\/wp-content\/uploads\/2021\/07\/resBIS-kv2021.jpeg 1024w\" sizes=\"(max-width: 300px) 100vw, 300px\" \/><\/div><\/a>\n\t\t\t\t<div class=\"elementor-post__avatar\">\n\t\t\t\t\t<\/div>\n\t\t\t\t<div class=\"elementor-post__text\">\n\t\t\t\t<h3 class=\"elementor-post__title\">\n\t\t\t<a href=\"https:\/\/www.jankinazahrada.sk\/en\/club-show-kchps-2021\/\" >\n\t\t\t\tClub Show KCHPS 2021\t\t\t<\/a>\n\t\t<\/h3>\n\t\t\t\t\t<div class=\"elementor-post__read-more-wrapper\">\n\t\t\n\t\t<a class=\"elementor-post__read-more\" href=\"https:\/\/www.jankinazahrada.sk\/en\/club-show-kchps-2021\/\" aria-label=\"Read more about Club Show KCHPS 2021\" tabindex=\"-1\" >\n\t\t\tMore \u00bb\t\t<\/a>\n\n\t\t\t\t\t<\/div>\n\t\t\t\t<\/div>\n\t\t\t\t<div class=\"elementor-post__meta-data\">\n\t\t\t\t\t<span class=\"elementor-post-date\">\n\t\t\t18.07.2021\t\t<\/span>\n\t\t\t\t<\/div>\n\t\t\t\t\t<\/div>\n\t\t<\/article>\n\t\t\t\t<\/div>\n\t\t\n\t\t\t\t\t\t<\/div>\n\t\t\t\t<\/div>\n\t\t\t\t\t<\/div>\n\t\t\t\t<\/div>\n\t\t\t\t<\/div>\n\t\t","protected":false},"excerpt":{"rendered":"","protected":false},"author":2,"featured_media":0,"parent":29961,"menu_order":0,"comment_status":"closed","ping_status":"closed","template":"","meta":{"ngg_post_thumbnail":0,"footnotes":""},"class_list":["post-29539","page","type-page","status-publish","hentry"],"_links":{"self":[{"href":"https:\/\/www.jankinazahrada.sk\/en\/wp-json\/wp\/v2\/pages\/29539","targetHints":{"allow":["GET"]}}],"collection":[{"href":"https:\/\/www.jankinazahrada.sk\/en\/wp-json\/wp\/v2\/pages"}],"about":[{"href":"https:\/\/www.jankinazahrada.sk\/en\/wp-json\/wp\/v2\/types\/page"}],"author":[{"embeddable":true,"href":"https:\/\/www.jankinazahrada.sk\/en\/wp-json\/wp\/v2\/users\/2"}],"replies":[{"embeddable":true,"href":"https:\/\/www.jankinazahrada.sk\/en\/wp-json\/wp\/v2\/comments?post=29539"}],"version-history":[{"count":0,"href":"https:\/\/www.jankinazahrada.sk\/en\/wp-json\/wp\/v2\/pages\/29539\/revisions"}],"up":[{"embeddable":true,"href":"https:\/\/www.jankinazahrada.sk\/en\/wp-json\/wp\/v2\/pages\/29961"}],"wp:attachment":[{"href":"https:\/\/www.jankinazahrada.sk\/en\/wp-json\/wp\/v2\/media?parent=29539"}],"curies":[{"name":"wp","href":"https:\/\/api.w.org\/{rel}","templated":true}]}}