{"id":29948,"date":"2022-01-24T08:02:36","date_gmt":"2022-01-24T08:02:36","guid":{"rendered":"https:\/\/www.jankinazahrada.sk\/?page_id=29948"},"modified":"2026-01-18T09:38:59","modified_gmt":"2026-01-18T09:38:59","slug":"shows-2022","status":"publish","type":"page","link":"https:\/\/www.jankinazahrada.sk\/en\/shows\/shows-2022\/","title":{"rendered":"Shows 2022"},"content":{"rendered":"\t\t<div data-elementor-type=\"wp-page\" data-elementor-id=\"29948\" class=\"elementor elementor-29948 elementor-29942\" data-elementor-post-type=\"page\">\n\t\t\t\t<div class=\"elementor-element elementor-element-ac6b786 e-flex e-con-boxed e-con e-parent\" data-id=\"ac6b786\" data-element_type=\"container\" data-e-type=\"container\">\n\t\t\t\t\t<div class=\"e-con-inner\">\n\t\t\t\t<div class=\"elementor-element elementor-element-f3bba0a elementor-grid-4 elementor-grid-tablet-2 elementor-grid-mobile-1 elementor-posts--thumbnail-top elementor-posts--show-avatar elementor-card-shadow-yes elementor-posts__hover-gradient elementor-widget elementor-widget-posts\" data-id=\"f3bba0a\" data-element_type=\"widget\" data-e-type=\"widget\" data-settings=\"{&quot;pagination_type&quot;:&quot;numbers&quot;,&quot;cards_columns&quot;:&quot;4&quot;,&quot;cards_columns_tablet&quot;:&quot;2&quot;,&quot;cards_columns_mobile&quot;:&quot;1&quot;,&quot;cards_row_gap&quot;:{&quot;unit&quot;:&quot;px&quot;,&quot;size&quot;:35,&quot;sizes&quot;:[]},&quot;cards_row_gap_tablet&quot;:{&quot;unit&quot;:&quot;px&quot;,&quot;size&quot;:&quot;&quot;,&quot;sizes&quot;:[]},&quot;cards_row_gap_mobile&quot;:{&quot;unit&quot;:&quot;px&quot;,&quot;size&quot;:&quot;&quot;,&quot;sizes&quot;:[]}}\" data-widget_type=\"posts.cards\">\n\t\t\t\t<div class=\"elementor-widget-container\">\n\t\t\t\t\t\t\t<div class=\"elementor-posts-container elementor-posts elementor-posts--skin-cards elementor-grid\" role=\"list\">\n\t\t\t\t<article class=\"elementor-post elementor-grid-item post-30647 post type-post status-publish format-standard has-post-thumbnail hentry category-shows-2022\" role=\"listitem\">\n\t\t\t<div class=\"elementor-post__card\">\n\t\t\t\t<a class=\"elementor-post__thumbnail__link\" href=\"https:\/\/www.jankinazahrada.sk\/en\/winter-danube-2022\/\" tabindex=\"-1\" ><div class=\"elementor-post__thumbnail\"><img fetchpriority=\"high\" decoding=\"async\" width=\"300\" height=\"200\" src=\"https:\/\/www.jankinazahrada.sk\/wp-content\/uploads\/2022\/12\/Carka-Jankina-zahrada-26112022-300x200.jpg\" class=\"attachment-medium size-medium wp-image-30637\" alt=\"CARKA Jankina zahrada\" srcset=\"https:\/\/www.jankinazahrada.sk\/wp-content\/uploads\/2022\/12\/Carka-Jankina-zahrada-26112022-300x200.jpg 300w, https:\/\/www.jankinazahrada.sk\/wp-content\/uploads\/2022\/12\/Carka-Jankina-zahrada-26112022-768x512.jpg 768w, https:\/\/www.jankinazahrada.sk\/wp-content\/uploads\/2022\/12\/Carka-Jankina-zahrada-26112022-980x654.jpg 980w, https:\/\/www.jankinazahrada.sk\/wp-content\/uploads\/2022\/12\/Carka-Jankina-zahrada-26112022-480x320.jpg 480w, https:\/\/www.jankinazahrada.sk\/wp-content\/uploads\/2022\/12\/Carka-Jankina-zahrada-26112022.jpg 1024w\" sizes=\"(max-width: 300px) 100vw, 300px\" \/><\/div><\/a>\n\t\t\t\t<div class=\"elementor-post__avatar\">\n\t\t\t\t\t<\/div>\n\t\t\t\t<div class=\"elementor-post__text\">\n\t\t\t\t<h3 class=\"elementor-post__title\">\n\t\t\t<a href=\"https:\/\/www.jankinazahrada.sk\/en\/winter-danube-2022\/\" >\n\t\t\t\tWinter Danube 2022\t\t\t<\/a>\n\t\t<\/h3>\n\t\t\t\t\t<div class=\"elementor-post__read-more-wrapper\">\n\t\t\n\t\t<a class=\"elementor-post__read-more\" href=\"https:\/\/www.jankinazahrada.sk\/en\/winter-danube-2022\/\" aria-label=\"Read more about Winter Danube 2022\" tabindex=\"-1\" >\n\t\t\tMore \u00bb\t\t<\/a>\n\n\t\t\t\t\t<\/div>\n\t\t\t\t<\/div>\n\t\t\t\t<div class=\"elementor-post__meta-data\">\n\t\t\t\t\t<span class=\"elementor-post-date\">\n\t\t\t26.11.2022\t\t<\/span>\n\t\t\t\t<\/div>\n\t\t\t\t\t<\/div>\n\t\t<\/article>\n\t\t\t\t<article class=\"elementor-post elementor-grid-item post-30559 post type-post status-publish format-standard has-post-thumbnail hentry category-shows-2022\" role=\"listitem\">\n\t\t\t<div class=\"elementor-post__card\">\n\t\t\t\t<a class=\"elementor-post__thumbnail__link\" href=\"https:\/\/www.jankinazahrada.sk\/en\/bratislava-danube-cacib\/\" tabindex=\"-1\" ><div class=\"elementor-post__thumbnail\"><img decoding=\"async\" width=\"300\" height=\"298\" src=\"https:\/\/www.jankinazahrada.sk\/wp-content\/uploads\/2022\/10\/CARKA-Jankina-zahrada-Danube-Cacib-2022-300x298.jpg\" class=\"attachment-medium size-medium wp-image-30555\" alt=\"CARKA Jankina zahrada\" srcset=\"https:\/\/www.jankinazahrada.sk\/wp-content\/uploads\/2022\/10\/CARKA-Jankina-zahrada-Danube-Cacib-2022-300x298.jpg 300w, https:\/\/www.jankinazahrada.sk\/wp-content\/uploads\/2022\/10\/CARKA-Jankina-zahrada-Danube-Cacib-2022-150x150.jpg 150w, https:\/\/www.jankinazahrada.sk\/wp-content\/uploads\/2022\/10\/CARKA-Jankina-zahrada-Danube-Cacib-2022-768x763.jpg 768w, https:\/\/www.jankinazahrada.sk\/wp-content\/uploads\/2022\/10\/CARKA-Jankina-zahrada-Danube-Cacib-2022-480x477.jpg 480w, https:\/\/www.jankinazahrada.sk\/wp-content\/uploads\/2022\/10\/CARKA-Jankina-zahrada-Danube-Cacib-2022.jpg 770w\" sizes=\"(max-width: 300px) 100vw, 300px\" \/><\/div><\/a>\n\t\t\t\t<div class=\"elementor-post__avatar\">\n\t\t\t\t\t<\/div>\n\t\t\t\t<div class=\"elementor-post__text\">\n\t\t\t\t<h3 class=\"elementor-post__title\">\n\t\t\t<a href=\"https:\/\/www.jankinazahrada.sk\/en\/bratislava-danube-cacib\/\" >\n\t\t\t\tBratislava Danube Cacib\t\t\t<\/a>\n\t\t<\/h3>\n\t\t\t\t\t<div class=\"elementor-post__read-more-wrapper\">\n\t\t\n\t\t<a class=\"elementor-post__read-more\" href=\"https:\/\/www.jankinazahrada.sk\/en\/bratislava-danube-cacib\/\" aria-label=\"Read more about Bratislava Danube Cacib\" tabindex=\"-1\" >\n\t\t\tMore \u00bb\t\t<\/a>\n\n\t\t\t\t\t<\/div>\n\t\t\t\t<\/div>\n\t\t\t\t<div class=\"elementor-post__meta-data\">\n\t\t\t\t\t<span class=\"elementor-post-date\">\n\t\t\t29.10.2022\t\t<\/span>\n\t\t\t\t<\/div>\n\t\t\t\t\t<\/div>\n\t\t<\/article>\n\t\t\t\t<article class=\"elementor-post elementor-grid-item post-30567 post type-post status-publish format-standard has-post-thumbnail hentry category-shows-2022\" role=\"listitem\">\n\t\t\t<div class=\"elementor-post__card\">\n\t\t\t\t<a class=\"elementor-post__thumbnail__link\" href=\"https:\/\/www.jankinazahrada.sk\/en\/3-x-cacib-komarom-2022\/\" tabindex=\"-1\" ><div class=\"elementor-post__thumbnail\"><img decoding=\"async\" width=\"300\" height=\"200\" src=\"https:\/\/www.jankinazahrada.sk\/wp-content\/uploads\/2022\/10\/Komarom-2022-pes-roka-300x200.jpg\" class=\"attachment-medium size-medium wp-image-30551\" alt=\"\" srcset=\"https:\/\/www.jankinazahrada.sk\/wp-content\/uploads\/2022\/10\/Komarom-2022-pes-roka-300x200.jpg 300w, https:\/\/www.jankinazahrada.sk\/wp-content\/uploads\/2022\/10\/Komarom-2022-pes-roka-768x512.jpg 768w, https:\/\/www.jankinazahrada.sk\/wp-content\/uploads\/2022\/10\/Komarom-2022-pes-roka-980x654.jpg 980w, https:\/\/www.jankinazahrada.sk\/wp-content\/uploads\/2022\/10\/Komarom-2022-pes-roka-480x320.jpg 480w, https:\/\/www.jankinazahrada.sk\/wp-content\/uploads\/2022\/10\/Komarom-2022-pes-roka.jpg 1024w\" sizes=\"(max-width: 300px) 100vw, 300px\" \/><\/div><\/a>\n\t\t\t\t<div class=\"elementor-post__avatar\">\n\t\t\t\t\t<\/div>\n\t\t\t\t<div class=\"elementor-post__text\">\n\t\t\t\t<h3 class=\"elementor-post__title\">\n\t\t\t<a href=\"https:\/\/www.jankinazahrada.sk\/en\/3-x-cacib-komarom-2022\/\" >\n\t\t\t\t3 x CACIB Kom\u00e1rom 2022\t\t\t<\/a>\n\t\t<\/h3>\n\t\t\t\t\t<div class=\"elementor-post__read-more-wrapper\">\n\t\t\n\t\t<a class=\"elementor-post__read-more\" href=\"https:\/\/www.jankinazahrada.sk\/en\/3-x-cacib-komarom-2022\/\" aria-label=\"Read more about 3 x CACIB Kom\u00e1rom 2022\" tabindex=\"-1\" >\n\t\t\tMore \u00bb\t\t<\/a>\n\n\t\t\t\t\t<\/div>\n\t\t\t\t<\/div>\n\t\t\t\t<div class=\"elementor-post__meta-data\">\n\t\t\t\t\t<span class=\"elementor-post-date\">\n\t\t\t23.10.2022\t\t<\/span>\n\t\t\t\t<\/div>\n\t\t\t\t\t<\/div>\n\t\t<\/article>\n\t\t\t\t<article class=\"elementor-post elementor-grid-item post-30482 post type-post status-publish format-standard has-post-thumbnail hentry category-shows-2022\" role=\"listitem\">\n\t\t\t<div class=\"elementor-post__card\">\n\t\t\t\t<a class=\"elementor-post__thumbnail__link\" href=\"https:\/\/www.jankinazahrada.sk\/en\/ids-tulln-2022\/\" tabindex=\"-1\" ><div class=\"elementor-post__thumbnail\"><img loading=\"lazy\" decoding=\"async\" width=\"300\" height=\"200\" src=\"https:\/\/www.jankinazahrada.sk\/wp-content\/uploads\/2022\/10\/MVP-Tulln-2022-300x200.jpg\" class=\"attachment-medium size-medium wp-image-30473\" alt=\"MVP Tulln 2022\" srcset=\"https:\/\/www.jankinazahrada.sk\/wp-content\/uploads\/2022\/10\/MVP-Tulln-2022-300x200.jpg 300w, https:\/\/www.jankinazahrada.sk\/wp-content\/uploads\/2022\/10\/MVP-Tulln-2022-768x512.jpg 768w, https:\/\/www.jankinazahrada.sk\/wp-content\/uploads\/2022\/10\/MVP-Tulln-2022-980x653.jpg 980w, https:\/\/www.jankinazahrada.sk\/wp-content\/uploads\/2022\/10\/MVP-Tulln-2022-480x320.jpg 480w, https:\/\/www.jankinazahrada.sk\/wp-content\/uploads\/2022\/10\/MVP-Tulln-2022.jpg 1024w\" sizes=\"(max-width: 300px) 100vw, 300px\" \/><\/div><\/a>\n\t\t\t\t<div class=\"elementor-post__avatar\">\n\t\t\t\t\t<\/div>\n\t\t\t\t<div class=\"elementor-post__text\">\n\t\t\t\t<h3 class=\"elementor-post__title\">\n\t\t\t<a href=\"https:\/\/www.jankinazahrada.sk\/en\/ids-tulln-2022\/\" >\n\t\t\t\tIDS Tulln 2022\t\t\t<\/a>\n\t\t<\/h3>\n\t\t\t\t\t<div class=\"elementor-post__read-more-wrapper\">\n\t\t\n\t\t<a class=\"elementor-post__read-more\" href=\"https:\/\/www.jankinazahrada.sk\/en\/ids-tulln-2022\/\" aria-label=\"Read more about IDS Tulln 2022\" tabindex=\"-1\" >\n\t\t\tMore \u00bb\t\t<\/a>\n\n\t\t\t\t\t<\/div>\n\t\t\t\t<\/div>\n\t\t\t\t<div class=\"elementor-post__meta-data\">\n\t\t\t\t\t<span class=\"elementor-post-date\">\n\t\t\t30.09.2022\t\t<\/span>\n\t\t\t\t<\/div>\n\t\t\t\t\t<\/div>\n\t\t<\/article>\n\t\t\t\t<article class=\"elementor-post elementor-grid-item post-30331 post type-post status-publish format-standard has-post-thumbnail hentry category-shows-2022\" role=\"listitem\">\n\t\t\t<div class=\"elementor-post__card\">\n\t\t\t\t<a class=\"elementor-post__thumbnail__link\" href=\"https:\/\/www.jankinazahrada.sk\/en\/15-17-7-2022-ids-sarvar\/\" tabindex=\"-1\" ><div class=\"elementor-post__thumbnail\"><img loading=\"lazy\" decoding=\"async\" width=\"300\" height=\"169\" src=\"https:\/\/www.jankinazahrada.sk\/wp-content\/uploads\/2022\/07\/MVP-Sarvar-2022-300x169.jpg\" class=\"attachment-medium size-medium wp-image-30322\" alt=\"MVP Sarvar 2022\" srcset=\"https:\/\/www.jankinazahrada.sk\/wp-content\/uploads\/2022\/07\/MVP-Sarvar-2022-300x169.jpg 300w, https:\/\/www.jankinazahrada.sk\/wp-content\/uploads\/2022\/07\/MVP-Sarvar-2022-768x432.jpg 768w, https:\/\/www.jankinazahrada.sk\/wp-content\/uploads\/2022\/07\/MVP-Sarvar-2022-980x551.jpg 980w, https:\/\/www.jankinazahrada.sk\/wp-content\/uploads\/2022\/07\/MVP-Sarvar-2022-480x270.jpg 480w, https:\/\/www.jankinazahrada.sk\/wp-content\/uploads\/2022\/07\/MVP-Sarvar-2022.jpg 1024w\" sizes=\"(max-width: 300px) 100vw, 300px\" \/><\/div><\/a>\n\t\t\t\t<div class=\"elementor-post__avatar\">\n\t\t\t\t\t<\/div>\n\t\t\t\t<div class=\"elementor-post__text\">\n\t\t\t\t<h3 class=\"elementor-post__title\">\n\t\t\t<a href=\"https:\/\/www.jankinazahrada.sk\/en\/15-17-7-2022-ids-sarvar\/\" >\n\t\t\t\t15.- 17.7.2022 IDS S\u00e1rv\u00e1r\t\t\t<\/a>\n\t\t<\/h3>\n\t\t\t\t\t<div class=\"elementor-post__read-more-wrapper\">\n\t\t\n\t\t<a class=\"elementor-post__read-more\" href=\"https:\/\/www.jankinazahrada.sk\/en\/15-17-7-2022-ids-sarvar\/\" aria-label=\"Read more about 15.- 17.7.2022 IDS S\u00e1rv\u00e1r\" tabindex=\"-1\" >\n\t\t\tMore \u00bb\t\t<\/a>\n\n\t\t\t\t\t<\/div>\n\t\t\t\t<\/div>\n\t\t\t\t<div class=\"elementor-post__meta-data\">\n\t\t\t\t\t<span class=\"elementor-post-date\">\n\t\t\t17.07.2022\t\t<\/span>\n\t\t\t\t<\/div>\n\t\t\t\t\t<\/div>\n\t\t<\/article>\n\t\t\t\t<article class=\"elementor-post elementor-grid-item post-30250 post type-post status-publish format-standard has-post-thumbnail hentry category-shows-2022\" role=\"listitem\">\n\t\t\t<div class=\"elementor-post__card\">\n\t\t\t\t<a class=\"elementor-post__thumbnail__link\" href=\"https:\/\/www.jankinazahrada.sk\/en\/ojspk-styrian-winner\/\" tabindex=\"-1\" ><div class=\"elementor-post__thumbnail\"><img loading=\"lazy\" decoding=\"async\" width=\"283\" height=\"300\" src=\"https:\/\/www.jankinazahrada.sk\/wp-content\/uploads\/2022\/06\/austrian-winner1-283x300.jpg\" class=\"attachment-medium size-medium wp-image-30240\" alt=\"Styrian Winner California Dream\" srcset=\"https:\/\/www.jankinazahrada.sk\/wp-content\/uploads\/2022\/06\/austrian-winner1-283x300.jpg 283w, https:\/\/www.jankinazahrada.sk\/wp-content\/uploads\/2022\/06\/austrian-winner1-480x509.jpg 480w, https:\/\/www.jankinazahrada.sk\/wp-content\/uploads\/2022\/06\/austrian-winner1.jpg 717w\" sizes=\"(max-width: 283px) 100vw, 283px\" \/><\/div><\/a>\n\t\t\t\t<div class=\"elementor-post__avatar\">\n\t\t\t\t\t<\/div>\n\t\t\t\t<div class=\"elementor-post__text\">\n\t\t\t\t<h3 class=\"elementor-post__title\">\n\t\t\t<a href=\"https:\/\/www.jankinazahrada.sk\/en\/ojspk-styrian-winner\/\" >\n\t\t\t\t\u00d6JSpK Styrian Winner\t\t\t<\/a>\n\t\t<\/h3>\n\t\t\t\t\t<div class=\"elementor-post__read-more-wrapper\">\n\t\t\n\t\t<a class=\"elementor-post__read-more\" href=\"https:\/\/www.jankinazahrada.sk\/en\/ojspk-styrian-winner\/\" aria-label=\"Read more about \u00d6JSpK Styrian Winner\" tabindex=\"-1\" >\n\t\t\tMore \u00bb\t\t<\/a>\n\n\t\t\t\t\t<\/div>\n\t\t\t\t<\/div>\n\t\t\t\t<div class=\"elementor-post__meta-data\">\n\t\t\t\t\t<span class=\"elementor-post-date\">\n\t\t\t26.06.2022\t\t<\/span>\n\t\t\t\t<\/div>\n\t\t\t\t\t<\/div>\n\t\t<\/article>\n\t\t\t\t<article class=\"elementor-post elementor-grid-item post-30209 post type-post status-publish format-standard has-post-thumbnail hentry category-shows-2022\" role=\"listitem\">\n\t\t\t<div class=\"elementor-post__card\">\n\t\t\t\t<a class=\"elementor-post__thumbnail__link\" href=\"https:\/\/www.jankinazahrada.sk\/en\/dog-expo-nitra-2022\/\" tabindex=\"-1\" ><div class=\"elementor-post__thumbnail\"><img loading=\"lazy\" decoding=\"async\" width=\"300\" height=\"200\" src=\"https:\/\/www.jankinazahrada.sk\/wp-content\/uploads\/2022\/06\/chovatelska-skupina-jankina-zahrada-300x200.jpeg\" class=\"attachment-medium size-medium wp-image-30205\" alt=\"Chovate\u013esk\u00e1 skupina Jankina z\u00e1hrada\" srcset=\"https:\/\/www.jankinazahrada.sk\/wp-content\/uploads\/2022\/06\/chovatelska-skupina-jankina-zahrada-300x200.jpeg 300w, https:\/\/www.jankinazahrada.sk\/wp-content\/uploads\/2022\/06\/chovatelska-skupina-jankina-zahrada-768x512.jpeg 768w, https:\/\/www.jankinazahrada.sk\/wp-content\/uploads\/2022\/06\/chovatelska-skupina-jankina-zahrada-980x654.jpeg 980w, https:\/\/www.jankinazahrada.sk\/wp-content\/uploads\/2022\/06\/chovatelska-skupina-jankina-zahrada-480x320.jpeg 480w, https:\/\/www.jankinazahrada.sk\/wp-content\/uploads\/2022\/06\/chovatelska-skupina-jankina-zahrada.jpeg 1024w\" sizes=\"(max-width: 300px) 100vw, 300px\" \/><\/div><\/a>\n\t\t\t\t<div class=\"elementor-post__avatar\">\n\t\t\t\t\t<\/div>\n\t\t\t\t<div class=\"elementor-post__text\">\n\t\t\t\t<h3 class=\"elementor-post__title\">\n\t\t\t<a href=\"https:\/\/www.jankinazahrada.sk\/en\/dog-expo-nitra-2022\/\" >\n\t\t\t\tDog Expo Nitra 2022\t\t\t<\/a>\n\t\t<\/h3>\n\t\t\t\t\t<div class=\"elementor-post__read-more-wrapper\">\n\t\t\n\t\t<a class=\"elementor-post__read-more\" href=\"https:\/\/www.jankinazahrada.sk\/en\/dog-expo-nitra-2022\/\" aria-label=\"Read more about Dog Expo Nitra 2022\" tabindex=\"-1\" >\n\t\t\tMore \u00bb\t\t<\/a>\n\n\t\t\t\t\t<\/div>\n\t\t\t\t<\/div>\n\t\t\t\t<div class=\"elementor-post__meta-data\">\n\t\t\t\t\t<span class=\"elementor-post-date\">\n\t\t\t12.06.2022\t\t<\/span>\n\t\t\t\t<\/div>\n\t\t\t\t\t<\/div>\n\t\t<\/article>\n\t\t\t\t<article class=\"elementor-post elementor-grid-item post-30139 post type-post status-publish format-standard has-post-thumbnail hentry category-shows-2022\" role=\"listitem\">\n\t\t\t<div class=\"elementor-post__card\">\n\t\t\t\t<a class=\"elementor-post__thumbnail__link\" href=\"https:\/\/www.jankinazahrada.sk\/en\/ids-nitra-may-2022\/\" tabindex=\"-1\" ><div class=\"elementor-post__thumbnail\"><img loading=\"lazy\" decoding=\"async\" width=\"300\" height=\"156\" src=\"https:\/\/www.jankinazahrada.sk\/wp-content\/uploads\/2022\/05\/maj-2022-MVP-Nitra1-300x156.jpg\" class=\"attachment-medium size-medium wp-image-30132\" alt=\"5.-8.5.2022 MVP Nitra\" srcset=\"https:\/\/www.jankinazahrada.sk\/wp-content\/uploads\/2022\/05\/maj-2022-MVP-Nitra1-300x156.jpg 300w, https:\/\/www.jankinazahrada.sk\/wp-content\/uploads\/2022\/05\/maj-2022-MVP-Nitra1-768x401.jpg 768w, https:\/\/www.jankinazahrada.sk\/wp-content\/uploads\/2022\/05\/maj-2022-MVP-Nitra1-980x511.jpg 980w, https:\/\/www.jankinazahrada.sk\/wp-content\/uploads\/2022\/05\/maj-2022-MVP-Nitra1-480x250.jpg 480w, https:\/\/www.jankinazahrada.sk\/wp-content\/uploads\/2022\/05\/maj-2022-MVP-Nitra1.jpg 1024w\" sizes=\"(max-width: 300px) 100vw, 300px\" \/><\/div><\/a>\n\t\t\t\t<div class=\"elementor-post__avatar\">\n\t\t\t\t\t<\/div>\n\t\t\t\t<div class=\"elementor-post__text\">\n\t\t\t\t<h3 class=\"elementor-post__title\">\n\t\t\t<a href=\"https:\/\/www.jankinazahrada.sk\/en\/ids-nitra-may-2022\/\" >\n\t\t\t\tIDS Nitra, May 2022\t\t\t<\/a>\n\t\t<\/h3>\n\t\t\t\t\t<div class=\"elementor-post__read-more-wrapper\">\n\t\t\n\t\t<a class=\"elementor-post__read-more\" href=\"https:\/\/www.jankinazahrada.sk\/en\/ids-nitra-may-2022\/\" aria-label=\"Read more about IDS Nitra, May 2022\" tabindex=\"-1\" >\n\t\t\tMore \u00bb\t\t<\/a>\n\n\t\t\t\t\t<\/div>\n\t\t\t\t<\/div>\n\t\t\t\t<div class=\"elementor-post__meta-data\">\n\t\t\t\t\t<span class=\"elementor-post-date\">\n\t\t\t08.05.2022\t\t<\/span>\n\t\t\t\t<\/div>\n\t\t\t\t\t<\/div>\n\t\t<\/article>\n\t\t\t\t<article class=\"elementor-post elementor-grid-item post-30154 post type-post status-publish format-standard has-post-thumbnail hentry category-shows-2022\" role=\"listitem\">\n\t\t\t<div class=\"elementor-post__card\">\n\t\t\t\t<a class=\"elementor-post__thumbnail__link\" href=\"https:\/\/www.jankinazahrada.sk\/en\/oberwart-2022\/\" tabindex=\"-1\" ><div class=\"elementor-post__thumbnail\"><img loading=\"lazy\" decoding=\"async\" width=\"300\" height=\"258\" src=\"https:\/\/www.jankinazahrada.sk\/wp-content\/uploads\/2022\/05\/mvp-oberwart-2022-300x258.jpg\" class=\"attachment-medium size-medium wp-image-30144\" alt=\"MVP Oberwart 2022\" srcset=\"https:\/\/www.jankinazahrada.sk\/wp-content\/uploads\/2022\/05\/mvp-oberwart-2022-300x258.jpg 300w, https:\/\/www.jankinazahrada.sk\/wp-content\/uploads\/2022\/05\/mvp-oberwart-2022-768x659.jpg 768w, https:\/\/www.jankinazahrada.sk\/wp-content\/uploads\/2022\/05\/mvp-oberwart-2022-980x841.jpg 980w, https:\/\/www.jankinazahrada.sk\/wp-content\/uploads\/2022\/05\/mvp-oberwart-2022-480x412.jpg 480w, https:\/\/www.jankinazahrada.sk\/wp-content\/uploads\/2022\/05\/mvp-oberwart-2022.jpg 1024w\" sizes=\"(max-width: 300px) 100vw, 300px\" \/><\/div><\/a>\n\t\t\t\t<div class=\"elementor-post__avatar\">\n\t\t\t\t\t<\/div>\n\t\t\t\t<div class=\"elementor-post__text\">\n\t\t\t\t<h3 class=\"elementor-post__title\">\n\t\t\t<a href=\"https:\/\/www.jankinazahrada.sk\/en\/oberwart-2022\/\" >\n\t\t\t\tOberwart 2022\t\t\t<\/a>\n\t\t<\/h3>\n\t\t\t\t\t<div class=\"elementor-post__read-more-wrapper\">\n\t\t\n\t\t<a class=\"elementor-post__read-more\" href=\"https:\/\/www.jankinazahrada.sk\/en\/oberwart-2022\/\" aria-label=\"Read more about Oberwart 2022\" tabindex=\"-1\" >\n\t\t\tMore \u00bb\t\t<\/a>\n\n\t\t\t\t\t<\/div>\n\t\t\t\t<\/div>\n\t\t\t\t<div class=\"elementor-post__meta-data\">\n\t\t\t\t\t<span class=\"elementor-post-date\">\n\t\t\t07.05.2022\t\t<\/span>\n\t\t\t\t<\/div>\n\t\t\t\t\t<\/div>\n\t\t<\/article>\n\t\t\t\t<article class=\"elementor-post elementor-grid-item post-30061 post type-post status-publish format-standard has-post-thumbnail hentry category-shows-2022\" role=\"listitem\">\n\t\t\t<div class=\"elementor-post__card\">\n\t\t\t\t<a class=\"elementor-post__thumbnail__link\" href=\"https:\/\/www.jankinazahrada.sk\/en\/spring-duo-nitra\/\" tabindex=\"-1\" ><div class=\"elementor-post__thumbnail\"><img loading=\"lazy\" decoding=\"async\" width=\"300\" height=\"229\" src=\"https:\/\/www.jankinazahrada.sk\/wp-content\/uploads\/2022\/04\/Spring-duo-Nitra-03042022-300x229.jpg\" class=\"attachment-medium size-medium wp-image-30053\" alt=\"Spring duo Nitra 03.04.2022\" srcset=\"https:\/\/www.jankinazahrada.sk\/wp-content\/uploads\/2022\/04\/Spring-duo-Nitra-03042022-300x229.jpg 300w, https:\/\/www.jankinazahrada.sk\/wp-content\/uploads\/2022\/04\/Spring-duo-Nitra-03042022-768x585.jpg 768w, https:\/\/www.jankinazahrada.sk\/wp-content\/uploads\/2022\/04\/Spring-duo-Nitra-03042022-480x366.jpg 480w, https:\/\/www.jankinazahrada.sk\/wp-content\/uploads\/2022\/04\/Spring-duo-Nitra-03042022.jpg 917w\" sizes=\"(max-width: 300px) 100vw, 300px\" \/><\/div><\/a>\n\t\t\t\t<div class=\"elementor-post__avatar\">\n\t\t\t\t\t<\/div>\n\t\t\t\t<div class=\"elementor-post__text\">\n\t\t\t\t<h3 class=\"elementor-post__title\">\n\t\t\t<a href=\"https:\/\/www.jankinazahrada.sk\/en\/spring-duo-nitra\/\" >\n\t\t\t\tSpring duo Nitra\t\t\t<\/a>\n\t\t<\/h3>\n\t\t\t\t\t<div class=\"elementor-post__read-more-wrapper\">\n\t\t\n\t\t<a class=\"elementor-post__read-more\" href=\"https:\/\/www.jankinazahrada.sk\/en\/spring-duo-nitra\/\" aria-label=\"Read more about Spring duo Nitra\" tabindex=\"-1\" >\n\t\t\tMore \u00bb\t\t<\/a>\n\n\t\t\t\t\t<\/div>\n\t\t\t\t<\/div>\n\t\t\t\t<div class=\"elementor-post__meta-data\">\n\t\t\t\t\t<span class=\"elementor-post-date\">\n\t\t\t03.04.2022\t\t<\/span>\n\t\t\t\t<\/div>\n\t\t\t\t\t<\/div>\n\t\t<\/article>\n\t\t\t\t<article class=\"elementor-post elementor-grid-item post-30048 post type-post status-publish format-standard has-post-thumbnail hentry category-shows-2022\" role=\"listitem\">\n\t\t\t<div class=\"elementor-post__card\">\n\t\t\t\t<a class=\"elementor-post__thumbnail__link\" href=\"https:\/\/www.jankinazahrada.sk\/en\/victory-dog-show\/\" tabindex=\"-1\" ><div class=\"elementor-post__thumbnail\"><img loading=\"lazy\" decoding=\"async\" width=\"300\" height=\"140\" src=\"https:\/\/www.jankinazahrada.sk\/wp-content\/uploads\/2022\/04\/Victory-Winner-300x140.jpg\" class=\"attachment-medium size-medium wp-image-30046\" alt=\"Victory Winner 2022\" srcset=\"https:\/\/www.jankinazahrada.sk\/wp-content\/uploads\/2022\/04\/Victory-Winner-300x140.jpg 300w, https:\/\/www.jankinazahrada.sk\/wp-content\/uploads\/2022\/04\/Victory-Winner-768x359.jpg 768w, https:\/\/www.jankinazahrada.sk\/wp-content\/uploads\/2022\/04\/Victory-Winner-980x458.jpg 980w, https:\/\/www.jankinazahrada.sk\/wp-content\/uploads\/2022\/04\/Victory-Winner-480x225.jpg 480w, https:\/\/www.jankinazahrada.sk\/wp-content\/uploads\/2022\/04\/Victory-Winner.jpg 1024w\" sizes=\"(max-width: 300px) 100vw, 300px\" \/><\/div><\/a>\n\t\t\t\t<div class=\"elementor-post__avatar\">\n\t\t\t\t\t<\/div>\n\t\t\t\t<div class=\"elementor-post__text\">\n\t\t\t\t<h3 class=\"elementor-post__title\">\n\t\t\t<a href=\"https:\/\/www.jankinazahrada.sk\/en\/victory-dog-show\/\" >\n\t\t\t\tVictory Dog Show\t\t\t<\/a>\n\t\t<\/h3>\n\t\t\t\t\t<div class=\"elementor-post__read-more-wrapper\">\n\t\t\n\t\t<a class=\"elementor-post__read-more\" href=\"https:\/\/www.jankinazahrada.sk\/en\/victory-dog-show\/\" aria-label=\"Read more about Victory Dog Show\" tabindex=\"-1\" >\n\t\t\tMore \u00bb\t\t<\/a>\n\n\t\t\t\t\t<\/div>\n\t\t\t\t<\/div>\n\t\t\t\t<div class=\"elementor-post__meta-data\">\n\t\t\t\t\t<span class=\"elementor-post-date\">\n\t\t\t01.04.2022\t\t<\/span>\n\t\t\t\t<\/div>\n\t\t\t\t\t<\/div>\n\t\t<\/article>\n\t\t\t\t<article class=\"elementor-post elementor-grid-item post-30036 post type-post status-publish format-standard has-post-thumbnail hentry category-shows-2022\" role=\"listitem\">\n\t\t\t<div class=\"elementor-post__card\">\n\t\t\t\t<a class=\"elementor-post__thumbnail__link\" href=\"https:\/\/www.jankinazahrada.sk\/en\/jubileum-special-club-show\/\" tabindex=\"-1\" ><div class=\"elementor-post__thumbnail\"><img loading=\"lazy\" decoding=\"async\" width=\"300\" height=\"134\" src=\"https:\/\/www.jankinazahrada.sk\/wp-content\/uploads\/2022\/03\/Jubilejna-SV-a-KV-marec2022-300x134.png\" class=\"attachment-medium size-medium wp-image-30031\" alt=\"19.3.2022 Jubilejn\u00e1 \u0160peci\u00e1lna v\u00fdstava klubu KCHPS pri pr\u00edle\u017eitosti 30 v\u00fdro\u010dia zalo\u017eenia klubu a 20.3.2022 Klubov\u00e1 v\u00fdstava Vini\u010dn\u00e9\" srcset=\"https:\/\/www.jankinazahrada.sk\/wp-content\/uploads\/2022\/03\/Jubilejna-SV-a-KV-marec2022-300x134.png 300w, https:\/\/www.jankinazahrada.sk\/wp-content\/uploads\/2022\/03\/Jubilejna-SV-a-KV-marec2022-768x344.png 768w, https:\/\/www.jankinazahrada.sk\/wp-content\/uploads\/2022\/03\/Jubilejna-SV-a-KV-marec2022-980x438.png 980w, https:\/\/www.jankinazahrada.sk\/wp-content\/uploads\/2022\/03\/Jubilejna-SV-a-KV-marec2022-480x215.png 480w, https:\/\/www.jankinazahrada.sk\/wp-content\/uploads\/2022\/03\/Jubilejna-SV-a-KV-marec2022.png 1024w\" sizes=\"(max-width: 300px) 100vw, 300px\" \/><\/div><\/a>\n\t\t\t\t<div class=\"elementor-post__avatar\">\n\t\t\t\t\t<\/div>\n\t\t\t\t<div class=\"elementor-post__text\">\n\t\t\t\t<h3 class=\"elementor-post__title\">\n\t\t\t<a href=\"https:\/\/www.jankinazahrada.sk\/en\/jubileum-special-club-show\/\" >\n\t\t\t\tJubileum Special Club Show\t\t\t<\/a>\n\t\t<\/h3>\n\t\t\t\t\t<div class=\"elementor-post__read-more-wrapper\">\n\t\t\n\t\t<a class=\"elementor-post__read-more\" href=\"https:\/\/www.jankinazahrada.sk\/en\/jubileum-special-club-show\/\" aria-label=\"Read more about Jubileum Special Club Show\" tabindex=\"-1\" >\n\t\t\tMore \u00bb\t\t<\/a>\n\n\t\t\t\t\t<\/div>\n\t\t\t\t<\/div>\n\t\t\t\t<div class=\"elementor-post__meta-data\">\n\t\t\t\t\t<span class=\"elementor-post-date\">\n\t\t\t19.03.2022\t\t<\/span>\n\t\t\t\t<\/div>\n\t\t\t\t\t<\/div>\n\t\t<\/article>\n\t\t\t\t<\/div>\n\t\t\n\t\t\t\t\t\t<\/div>\n\t\t\t\t<\/div>\n\t\t\t\t\t<\/div>\n\t\t\t\t<\/div>\n\t\t\t\t<\/div>\n\t\t","protected":false},"excerpt":{"rendered":"","protected":false},"author":2,"featured_media":0,"parent":29961,"menu_order":0,"comment_status":"closed","ping_status":"closed","template":"","meta":{"ngg_post_thumbnail":0,"footnotes":""},"class_list":["post-29948","page","type-page","status-publish","hentry"],"_links":{"self":[{"href":"https:\/\/www.jankinazahrada.sk\/en\/wp-json\/wp\/v2\/pages\/29948","targetHints":{"allow":["GET"]}}],"collection":[{"href":"https:\/\/www.jankinazahrada.sk\/en\/wp-json\/wp\/v2\/pages"}],"about":[{"href":"https:\/\/www.jankinazahrada.sk\/en\/wp-json\/wp\/v2\/types\/page"}],"author":[{"embeddable":true,"href":"https:\/\/www.jankinazahrada.sk\/en\/wp-json\/wp\/v2\/users\/2"}],"replies":[{"embeddable":true,"href":"https:\/\/www.jankinazahrada.sk\/en\/wp-json\/wp\/v2\/comments?post=29948"}],"version-history":[{"count":0,"href":"https:\/\/www.jankinazahrada.sk\/en\/wp-json\/wp\/v2\/pages\/29948\/revisions"}],"up":[{"embeddable":true,"href":"https:\/\/www.jankinazahrada.sk\/en\/wp-json\/wp\/v2\/pages\/29961"}],"wp:attachment":[{"href":"https:\/\/www.jankinazahrada.sk\/en\/wp-json\/wp\/v2\/media?parent=29948"}],"curies":[{"name":"wp","href":"https:\/\/api.w.org\/{rel}","templated":true}]}}