{"id":29961,"date":"2012-06-04T06:54:31","date_gmt":"2012-06-04T06:54:31","guid":{"rendered":"https:\/\/www.jankinazahrada.sk\/shows\/"},"modified":"2012-06-04T06:54:31","modified_gmt":"2012-06-04T06:54:31","slug":"shows","status":"publish","type":"page","link":"https:\/\/www.jankinazahrada.sk\/en\/shows\/","title":{"rendered":"Shows"},"content":{"rendered":"<h5 style=\"text-align: center;\"><a href=\"http:\/\/www.jankinazahrada.sk\/vystavy-2\/vystavy-2012-2\/\" target=\"_blank\" rel=\"noopener\"><br \/>\n<\/a><strong><a href=\"http:\/\/www.jankinazahrada.sk\/vystavy-2\/vystavy-2017\/\">2017<\/a> &nbsp;<a href=\"http:\/\/www.jankinazahrada.sk\/vystavy-2\/vystavy-2016\/\">2016<\/a> &nbsp;<a href=\"http:\/\/www.jankinazahrada.sk\/vystavy-2\/vystavy-2015\/\">2015<\/a><\/strong> &nbsp; &nbsp;<strong><a href=\"http:\/\/www.jankinazahrada.sk\/vystavy-2\/vystavy-2014\/\" target=\"_blank\" rel=\"noopener\">2014<\/a><\/strong> &nbsp;&nbsp; <strong><a href=\"http:\/\/www.jankinazahrada.sk\/vystavy-2\/vystavy-2013\/\" target=\"_blank\" rel=\"noopener\">2013<\/a> &nbsp; <a href=\"http:\/\/www.jankinazahrada.sk\/vystavy-2\/vystavy-2012-2\/\" target=\"_blank\" rel=\"noopener\">2012<\/a><\/strong><strong>&nbsp;&nbsp; <a href=\"http:\/\/www.jankinazahrada.sk\/vystavy-2\/vystavy-2011\/\" target=\"_blank\" rel=\"noopener\">2011<\/a>&nbsp; &nbsp;<a href=\"http:\/\/www.jankinazahrada.sk\/vystavy-2\/vystavy-2010\/\" target=\"_blank\" rel=\"noopener\">2010<\/a>&nbsp; &nbsp;<a href=\"http:\/\/www.jankinazahrada.sk\/vystavy-2\/vystavy-2009\/\" target=\"_blank\" rel=\"noopener\">2009<\/a>&nbsp; &nbsp;<a href=\"http:\/\/www.jankinazahrada.sk\/vystavy-2\/vystavy-2008\/\" target=\"_blank\" rel=\"noopener\">2008<\/a>&nbsp; &nbsp;<a href=\"http:\/\/www.jankinazahrada.sk\/vystavy-2\/vystavy-2007\/\" target=\"_blank\" rel=\"noopener\">2007<\/a>&nbsp; &nbsp;<a href=\"http:\/\/www.jankinazahrada.sk\/vystavy-2\/vystavy-2006\/\" target=\"_blank\" rel=\"noopener\">2006<\/a>&nbsp; &nbsp;<a href=\"http:\/\/www.jankinazahrada.sk\/vystavy-2\/vystavy-2005\/\" target=\"_blank\" rel=\"noopener\">2005<\/a>&nbsp; &nbsp;<a href=\"http:\/\/www.jankinazahrada.sk\/vystavy-2\/vystavy-2004\/\" target=\"_blank\" rel=\"noopener\">2004<\/a>&nbsp; &nbsp;<a href=\"http:\/\/www.jankinazahrada.sk\/vystavy-2\/vystavy-2003\/\" target=\"_blank\" rel=\"noopener\">2003<\/a><\/strong><\/h5>\n<p>&nbsp;<\/p>\n<figure id=\"attachment_788\" aria-describedby=\"caption-attachment-788\" style=\"width: 640px\" class=\"wp-caption aligncenter\"><img fetchpriority=\"high\" decoding=\"async\" class=\"size-full wp-image-788 \" title=\"_V_2010_Brno_074\" src=\"http:\/\/www.jankinazahrada.sk\/wp-content\/uploads\/2012\/06\/V_2010_Brno_074.jpg\" alt=\"\" width=\"640\" height=\"514\" srcset=\"https:\/\/www.jankinazahrada.sk\/wp-content\/uploads\/2012\/06\/V_2010_Brno_074.jpg 640w, https:\/\/www.jankinazahrada.sk\/wp-content\/uploads\/2012\/06\/V_2010_Brno_074-300x240.jpg 300w\" sizes=\"(max-width: 640px) 100vw, 640px\" \/><figcaption id=\"caption-attachment-788\" class=\"wp-caption-text\">Chovate\u013esk\u00e1 skupina JANKINA Z\u00c1HRADA<\/figcaption><\/figure>\n","protected":false},"excerpt":{"rendered":"<p>2017 &nbsp;2016 &nbsp;2015 &nbsp; &nbsp;2014 &nbsp;&nbsp; 2013 &nbsp; 2012&nbsp;&nbsp; 2011&nbsp; &nbsp;2010&nbsp; &nbsp;2009&nbsp; &nbsp;2008&nbsp; &nbsp;2007&nbsp; &nbsp;2006&nbsp; &nbsp;2005&nbsp; &nbsp;2004&nbsp; &nbsp;2003 &nbsp;<\/p>\n","protected":false},"author":2,"featured_media":0,"parent":0,"menu_order":0,"comment_status":"closed","ping_status":"closed","template":"","meta":{"ngg_post_thumbnail":0,"footnotes":""},"class_list":["post-29961","page","type-page","status-publish","hentry"],"_links":{"self":[{"href":"https:\/\/www.jankinazahrada.sk\/en\/wp-json\/wp\/v2\/pages\/29961","targetHints":{"allow":["GET"]}}],"collection":[{"href":"https:\/\/www.jankinazahrada.sk\/en\/wp-json\/wp\/v2\/pages"}],"about":[{"href":"https:\/\/www.jankinazahrada.sk\/en\/wp-json\/wp\/v2\/types\/page"}],"author":[{"embeddable":true,"href":"https:\/\/www.jankinazahrada.sk\/en\/wp-json\/wp\/v2\/users\/2"}],"replies":[{"embeddable":true,"href":"https:\/\/www.jankinazahrada.sk\/en\/wp-json\/wp\/v2\/comments?post=29961"}],"version-history":[{"count":0,"href":"https:\/\/www.jankinazahrada.sk\/en\/wp-json\/wp\/v2\/pages\/29961\/revisions"}],"wp:attachment":[{"href":"https:\/\/www.jankinazahrada.sk\/en\/wp-json\/wp\/v2\/media?parent=29961"}],"curies":[{"name":"wp","href":"https:\/\/api.w.org\/{rel}","templated":true}]}}